{"id":11,"date":"2026-03-02T10:50:52","date_gmt":"2026-03-02T10:50:52","guid":{"rendered":"https:\/\/yalcinlarteknikservis.com\/?page_id=11"},"modified":"2026-03-02T21:06:38","modified_gmt":"2026-03-02T21:06:38","slug":"hizmetlerimiz","status":"publish","type":"page","link":"https:\/\/yalcinlarteknikservis.com\/index.php\/hizmetlerimiz\/","title":{"rendered":"Hizmetlerimiz"},"content":{"rendered":"\n<div class=\"wp-block-cover alignfull\" style=\"min-height:530px;aspect-ratio:unset;\"><span aria-hidden=\"true\" class=\"wp-block-cover__background has-nv-site-bg-background-color has-background-dim-100 has-background-dim\"><\/span><div class=\"wp-block-cover__inner-container is-layout-flow wp-block-cover-is-layout-flow\">\n<div class=\"wp-block-group\" style=\"padding-right:var(--wp--preset--spacing--30);padding-left:var(--wp--preset--spacing--30)\"><div class=\"wp-block-group__inner-container is-layout-flow wp-block-group-is-layout-flow\">\n<div class=\"wp-block-columns are-vertically-aligned-center is-layout-flex wp-container-core-columns-is-layout-9d6595d7 wp-block-columns-is-layout-flex\">\n<div class=\"wp-block-column is-vertically-aligned-center is-layout-flow wp-block-column-is-layout-flow\" style=\"flex-basis:70%\">\n<div style=\"height:24px\" aria-hidden=\"true\" class=\"wp-block-spacer\"><\/div>\n\n\n\n<h1 class=\"wp-block-heading has-text-align-left has-neve-text-color-color has-text-color\">Hizmetlerimiz<\/h1>\n\n\n\n<p>Yal\u00e7\u0131nlar Teknik Servis olarak Tekirda\u011f ve \u00e7evresinde beyaz e\u015fya tamir, bak\u0131m ve tadilat hizmeti sunmaktay\u0131z. Uzman ekibimiz ile ar\u0131zalara h\u0131zl\u0131 ve kal\u0131c\u0131 \u00e7\u00f6z\u00fcmler \u00fcretmekteyiz.<\/p>\n\n\n\n<p class=\"has-neve-text-color-color has-text-color\" style=\"font-size:22px\"><\/p>\n\n\n\n<p class=\"has-neve-text-color-color has-text-color\" style=\"font-size:22px\">Yal\u00e7\u0131nlar Teknik Servis olarak Tekirda\u011f ve \u00e7evresinde beyaz e\u015fya tamir, bak\u0131m ve tadilat hizmeti sunmaktay\u0131z. Uzman ekibimiz ile ar\u0131zalara h\u0131zl\u0131 ve kal\u0131c\u0131 \u00e7\u00f6z\u00fcmler \u00fcretmekteyiz.<\/p>\n<\/div>\n\n\n\n<div class=\"wp-block-column is-vertically-aligned-center is-layout-flow wp-block-column-is-layout-flow\" style=\"flex-basis:30%\"><\/div>\n<\/div>\n<\/div><\/div>\n<\/div><\/div>\n\n\n\n<h2 class=\"wp-block-heading\">\u00c7ama\u015f\u0131r Makinesi Tamiri<\/h2>\n\n\n\n<p>\u00c7ama\u015f\u0131r makinesi ar\u0131zalar\u0131nda detayl\u0131 ar\u0131za tespiti yaparak motor, pompa, kart ve mekanik sistem onar\u0131mlar\u0131n\u0131 titizlikle ger\u00e7ekle\u015ftiriyoruz.<\/p>\n\n\n\n<h2 class=\"wp-block-heading\">Bula\u015f\u0131k Makinesi Tamiri<\/h2>\n\n\n\n<p>Su almama, y\u0131kamama, kurutmama ve ses yapma gibi ar\u0131zalarda profesyonel m\u00fcdahale sa\u011fl\u0131yoruz.<\/p>\n\n\n\n<h2 class=\"wp-block-heading\">Buzdolab\u0131 Tamiri<\/h2>\n\n\n\n<p>So\u011futmama, gaz ka\u00e7a\u011f\u0131, motor ar\u0131zas\u0131 ve elektronik kart problemlerinde h\u0131zl\u0131 servis deste\u011fi sunuyoruz.<\/p>\n\n\n\n<h2 class=\"wp-block-heading\">Beyaz E\u015fya Bak\u0131m Hizmeti<\/h2>\n\n\n\n<p>Periyodik bak\u0131m hizmetimiz ile cihazlar\u0131n\u0131z\u0131n performans\u0131n\u0131 art\u0131r\u0131yor, uzun \u00f6m\u00fcrl\u00fc kullan\u0131m sa\u011fl\u0131yoruz.<\/p>\n\n\n\n<h2 class=\"wp-block-heading\">Par\u00e7a De\u011fi\u015fimi ve Tadilat<\/h2>\n\n\n\n<p>Orijinal ve uyumlu yedek par\u00e7alar ile g\u00fcvenli par\u00e7a de\u011fi\u015fimi ve teknik tadilat i\u015flemleri yap\u0131yoruz.<\/p>\n\n\n\n<p>Hemen Aray\u0131n: <a href=\"tel:05452347593\">0545 234 75 93<\/a><\/p>\n\n\n\n<p><\/p>\n","protected":false},"excerpt":{"rendered":"<p>\u00c7ama\u015f\u0131r Makinesi Tamiri \u00c7ama\u015f\u0131r makinesi ar\u0131zalar\u0131nda detayl\u0131 ar\u0131za tespiti yaparak motor, pompa, kart ve mekanik sistem onar\u0131mlar\u0131n\u0131 titizlikle ger\u00e7ekle\u015ftiriyoruz. Bula\u015f\u0131k Makinesi Tamiri Su almama, y\u0131kamama, kurutmama ve ses yapma gibi ar\u0131zalarda profesyonel m\u00fcdahale sa\u011fl\u0131yoruz. Buzdolab\u0131 Tamiri So\u011futmama, gaz ka\u00e7a\u011f\u0131, motor ar\u0131zas\u0131 ve elektronik kart problemlerinde h\u0131zl\u0131 servis deste\u011fi sunuyoruz. Beyaz E\u015fya Bak\u0131m Hizmeti Periyodik bak\u0131m&hellip;&nbsp;<\/p>\n","protected":false},"author":1,"featured_media":0,"parent":0,"menu_order":0,"comment_status":"closed","ping_status":"closed","template":"","meta":{"neve_meta_sidebar":"","neve_meta_container":"","neve_meta_enable_content_width":"on","neve_meta_content_width":100,"neve_meta_title_alignment":"","neve_meta_author_avatar":"","neve_post_elements_order":"","neve_meta_disable_header":"","neve_meta_disable_footer":"","neve_meta_disable_title":"on","footnotes":""},"class_list":["post-11","page","type-page","status-publish","hentry"],"_links":{"self":[{"href":"https:\/\/yalcinlarteknikservis.com\/index.php\/wp-json\/wp\/v2\/pages\/11","targetHints":{"allow":["GET"]}}],"collection":[{"href":"https:\/\/yalcinlarteknikservis.com\/index.php\/wp-json\/wp\/v2\/pages"}],"about":[{"href":"https:\/\/yalcinlarteknikservis.com\/index.php\/wp-json\/wp\/v2\/types\/page"}],"author":[{"embeddable":true,"href":"https:\/\/yalcinlarteknikservis.com\/index.php\/wp-json\/wp\/v2\/users\/1"}],"replies":[{"embeddable":true,"href":"https:\/\/yalcinlarteknikservis.com\/index.php\/wp-json\/wp\/v2\/comments?post=11"}],"version-history":[{"count":2,"href":"https:\/\/yalcinlarteknikservis.com\/index.php\/wp-json\/wp\/v2\/pages\/11\/revisions"}],"predecessor-version":[{"id":64,"href":"https:\/\/yalcinlarteknikservis.com\/index.php\/wp-json\/wp\/v2\/pages\/11\/revisions\/64"}],"wp:attachment":[{"href":"https:\/\/yalcinlarteknikservis.com\/index.php\/wp-json\/wp\/v2\/media?parent=11"}],"curies":[{"name":"wp","href":"https:\/\/api.w.org\/{rel}","templated":true}]}}