{"id":8,"date":"2026-03-02T10:50:52","date_gmt":"2026-03-02T10:50:52","guid":{"rendered":"https:\/\/yalcinlarteknikservis.com\/?page_id=8"},"modified":"2026-03-02T20:15:04","modified_gmt":"2026-03-02T20:15:04","slug":"hakkinda","status":"publish","type":"page","link":"https:\/\/yalcinlarteknikservis.com\/index.php\/hakkinda\/","title":{"rendered":"Hakk\u0131nda"},"content":{"rendered":"\n<div class=\"wp-block-cover alignfull\" style=\"min-height:147px;aspect-ratio:unset;\"><span aria-hidden=\"true\" class=\"wp-block-cover__background has-nv-site-bg-background-color has-background-dim-100 has-background-dim\"><\/span><div class=\"wp-block-cover__inner-container is-layout-flow wp-block-cover-is-layout-flow\">\n<div class=\"wp-block-group\" style=\"padding-right:var(--wp--preset--spacing--30);padding-left:var(--wp--preset--spacing--30)\"><div class=\"wp-block-group__inner-container is-layout-flow wp-block-group-is-layout-flow\">\n<h1 class=\"wp-block-heading has-text-align-left has-neve-text-color-color has-text-color\">Biz Kimiz<\/h1>\n<\/div><\/div>\n<\/div><\/div>\n\n\n\n<div class=\"wp-block-cover alignfull\" style=\"min-height:600px;aspect-ratio:unset;\"><span aria-hidden=\"true\" class=\"wp-block-cover__background has-nv-light-bg-background-color has-background-dim-100 has-background-dim\"><\/span><div class=\"wp-block-cover__inner-container is-layout-flow wp-block-cover-is-layout-flow\">\n<div class=\"wp-block-group\"><div class=\"wp-block-group__inner-container is-layout-flow wp-block-group-is-layout-flow\">\n<div class=\"wp-block-columns are-vertically-aligned-center has-neve-text-color-color has-text-color is-layout-flex wp-container-core-columns-is-layout-9d6595d7 wp-block-columns-is-layout-flex\">\n<div class=\"wp-block-column is-vertically-aligned-center is-layout-flow wp-block-column-is-layout-flow\" style=\"padding-right:var(--wp--preset--spacing--30);padding-left:var(--wp--preset--spacing--30);flex-basis:50%\">\n<figure class=\"wp-block-image size-full has-custom-border\"><img loading=\"lazy\" decoding=\"async\" width=\"1536\" height=\"1024\" src=\"https:\/\/yalcinlarteknikservis.com\/wp-content\/uploads\/2026\/03\/yalcinlarteknikservis-1.png\" alt=\"\" class=\"wp-image-51\" style=\"border-radius:16px\" srcset=\"https:\/\/yalcinlarteknikservis.com\/wp-content\/uploads\/2026\/03\/yalcinlarteknikservis-1.png 1536w, https:\/\/yalcinlarteknikservis.com\/wp-content\/uploads\/2026\/03\/yalcinlarteknikservis-1-300x200.png 300w, https:\/\/yalcinlarteknikservis.com\/wp-content\/uploads\/2026\/03\/yalcinlarteknikservis-1-1024x683.png 1024w, https:\/\/yalcinlarteknikservis.com\/wp-content\/uploads\/2026\/03\/yalcinlarteknikservis-1-768x512.png 768w, https:\/\/yalcinlarteknikservis.com\/wp-content\/uploads\/2026\/03\/yalcinlarteknikservis-1-930x620.png 930w\" sizes=\"auto, (max-width: 1536px) 100vw, 1536px\" \/><\/figure>\n<\/div>\n\n\n\n<div class=\"wp-block-column is-vertically-aligned-center is-layout-flow wp-block-column-is-layout-flow\" style=\"padding-top:0;padding-right:var(--wp--preset--spacing--30);padding-bottom:0;padding-left:var(--wp--preset--spacing--30);flex-basis:50%\">\n<h2 class=\"wp-block-heading has-neve-text-color-color has-text-color\"><\/h2>\n\n\n\n<p class=\"has-neve-text-color-color has-text-color\"><strong>Yal\u00e7\u0131nlar Teknik Servis<\/strong>, mobilya, spot ve beyaz e\u015fya alan\u0131nda y\u0131llard\u0131r \u00c7erkezk\u00f6y ve \u00e7evresinde al\u0131m\u2013sat\u0131m faaliyetleri y\u00fcr\u00fcten k\u00f6kl\u00fc bir i\u015fletmenin devam\u0131 olarak hizmet vermektedir.<\/p>\n\n\n\n<p>B\u00f6lgede edindi\u011fimiz tecr\u00fcbe, m\u00fc\u015fteri g\u00fcveni ve sekt\u00f6r bilgisi sayesinde bug\u00fcn siz de\u011ferli m\u00fc\u015fterilerimize <strong>beyaz e\u015fya teknik servis, bak\u0131m ve tadilat<\/strong> alan\u0131nda da profesyonel hizmet sunmaktay\u0131z.<\/p>\n\n\n\n<p>\u00c7ama\u015f\u0131r makinesi, bula\u015f\u0131k makinesi, buzdolab\u0131 ve di\u011fer beyaz e\u015fya \u00fcr\u00fcnlerinde; ar\u0131za tespiti, onar\u0131m, par\u00e7a de\u011fi\u015fimi ve periyodik bak\u0131m i\u015flemlerini titizlikle ger\u00e7ekle\u015ftirmekteyiz.<\/p>\n\n\n\n<p>Amac\u0131m\u0131z; h\u0131zl\u0131 m\u00fcdahale, do\u011fru \u00e7\u00f6z\u00fcm ve uzun \u00f6m\u00fcrl\u00fc onar\u0131m anlay\u0131\u015f\u0131 ile m\u00fc\u015fteri memnuniyetini en \u00fcst seviyede tutmakt\u0131r.<\/p>\n\n\n\n<p class=\"has-neve-text-color-color has-text-color\">Yal\u00e7\u0131nlar Teknik Servis olarak \u00c7erkezk\u00f6y ve \u00e7evresinde g\u00fcvenilir, ula\u015f\u0131labilir ve \u00e7\u00f6z\u00fcm odakl\u0131 hizmet anlay\u0131\u015f\u0131m\u0131zla \u00e7al\u0131\u015fmalar\u0131m\u0131za devam ediyoruz. <strong>ileti\u015fim ve bilgi i\u00e7in<\/strong> <a href=\"tel:05452347593\">0545 234 75 93<\/a><\/p>\n<\/div>\n<\/div>\n\n\n\n<div style=\"height:40px\" aria-hidden=\"true\" class=\"wp-block-spacer\"><\/div>\n<\/div><\/div>\n<\/div><\/div>\n","protected":false},"excerpt":{"rendered":"","protected":false},"author":1,"featured_media":0,"parent":0,"menu_order":0,"comment_status":"closed","ping_status":"closed","template":"","meta":{"neve_meta_sidebar":"","neve_meta_container":"","neve_meta_enable_content_width":"on","neve_meta_content_width":100,"neve_meta_title_alignment":"","neve_meta_author_avatar":"","neve_post_elements_order":"","neve_meta_disable_header":"","neve_meta_disable_footer":"","neve_meta_disable_title":"on","footnotes":""},"class_list":["post-8","page","type-page","status-publish","hentry"],"_links":{"self":[{"href":"https:\/\/yalcinlarteknikservis.com\/index.php\/wp-json\/wp\/v2\/pages\/8","targetHints":{"allow":["GET"]}}],"collection":[{"href":"https:\/\/yalcinlarteknikservis.com\/index.php\/wp-json\/wp\/v2\/pages"}],"about":[{"href":"https:\/\/yalcinlarteknikservis.com\/index.php\/wp-json\/wp\/v2\/types\/page"}],"author":[{"embeddable":true,"href":"https:\/\/yalcinlarteknikservis.com\/index.php\/wp-json\/wp\/v2\/users\/1"}],"replies":[{"embeddable":true,"href":"https:\/\/yalcinlarteknikservis.com\/index.php\/wp-json\/wp\/v2\/comments?post=8"}],"version-history":[{"count":8,"href":"https:\/\/yalcinlarteknikservis.com\/index.php\/wp-json\/wp\/v2\/pages\/8\/revisions"}],"predecessor-version":[{"id":56,"href":"https:\/\/yalcinlarteknikservis.com\/index.php\/wp-json\/wp\/v2\/pages\/8\/revisions\/56"}],"wp:attachment":[{"href":"https:\/\/yalcinlarteknikservis.com\/index.php\/wp-json\/wp\/v2\/media?parent=8"}],"curies":[{"name":"wp","href":"https:\/\/api.w.org\/{rel}","templated":true}]}}